{"id":976,"date":"2025-02-15T22:16:22","date_gmt":"2025-02-15T22:16:22","guid":{"rendered":"https:\/\/crescenthistoric.com\/?page_id=976"},"modified":"2025-02-27T18:18:30","modified_gmt":"2025-02-27T18:18:30","slug":"833-second-place","status":"publish","type":"page","link":"https:\/\/crescenthistoric.com\/es\/833-second-place\/","title":{"rendered":"833 Second Place"},"content":{"rendered":"<div data-elementor-type=\"wp-page\" data-elementor-id=\"976\" class=\"elementor elementor-976\" data-elementor-post-type=\"page\">\n\t\t\t\t<div class=\"elementor-element elementor-element-5d2bfed e-flex e-con-boxed e-con e-parent\" data-id=\"5d2bfed\" data-element_type=\"container\" data-e-type=\"container\">\n\t\t\t\t\t<div class=\"e-con-inner\">\n\t\t\t\t<div class=\"elementor-element elementor-element-f2ebae9 elementor-widget elementor-widget-heading\" data-id=\"f2ebae9\" data-element_type=\"widget\" data-e-type=\"widget\" data-widget_type=\"heading.default\">\n\t\t\t\t<div class=\"elementor-widget-container\">\n\t\t\t\t\t<h2 class=\"elementor-heading-title elementor-size-default\">833 Second Place\/223 East 9th Street<\/h2>\t\t\t\t<\/div>\n\t\t\t\t<\/div>\n\t\t\t\t\t<\/div>\n\t\t\t\t<\/div>\n\t\t<div class=\"elementor-element elementor-element-ae62376 e-flex e-con-boxed e-con e-parent\" data-id=\"ae62376\" data-element_type=\"container\" data-e-type=\"container\">\n\t\t\t\t\t<div class=\"e-con-inner\">\n\t\t\t\t<div class=\"elementor-element elementor-element-b0e9667 elementor-widget elementor-widget-text-editor\" data-id=\"b0e9667\" data-element_type=\"widget\" data-e-type=\"widget\" data-widget_type=\"text-editor.default\">\n\t\t\t\t<div class=\"elementor-widget-container\">\n\t\t\t\t\t\t\t\t\t<p>Casa Langdon<\/p>\n<p>Construida hacia 1880, esta casa de estilo italianizante fue promovida por Job Male, primer alcalde y promotor inmobiliario de Plainfield. Ha figurado tanto como 833 Second Place como 223 East 9th Street. La casa fue propiedad de la familia Langdon, que ten\u00eda un negocio de exportaci\u00f3n de madera. Dos de los socios comerciales de Charles Langdon y portadores del f\u00e9retro en su funeral fueron William S. Hofstra, de lo que hoy es la Universidad Hofstra de Nueva York, y Alton Fauce, comerciante de papel.<br>La casa tiene un duplicado situado en la esquina de East 9th Street y First Place. Este fen\u00f3meno no era infrecuente en la zona, ya que se trataba de una urbanizaci\u00f3n con casas semipersonalizadas. Ambas casas comparten el mismo dise\u00f1o estructural, incluidas las m\u00e9nsulas y los porches t\u00edpicos de la \u00e9poca. Sin embargo, los elementos decorativos m\u00e1s peque\u00f1os, como las cornisas y la colocaci\u00f3n de las ventanas, difieren ligeramente. Es probable que en los interiores se utilizaran distintos materiales para las chimeneas, con el fin de evitar que las casas tuvieran un aspecto id\u00e9ntico.<\/p>\t\t\t\t\t\t\t\t<\/div>\n\t\t\t\t<\/div>\n\t\t\t\t\t<\/div>\n\t\t\t\t<\/div>\n\t\t<div class=\"elementor-element elementor-element-f52f712 e-flex e-con-boxed e-con e-parent\" data-id=\"f52f712\" data-element_type=\"container\" data-e-type=\"container\">\n\t\t\t\t\t<div class=\"e-con-inner\">\n\t\t\t\t<div class=\"elementor-element elementor-element-2eef95e elementor-widget elementor-widget-image\" data-id=\"2eef95e\" data-element_type=\"widget\" data-e-type=\"widget\" data-widget_type=\"image.default\">\n\t\t\t\t<div class=\"elementor-widget-container\">\n\t\t\t\t\t\t\t\t\t\t\t\t\t\t\t<img fetchpriority=\"high\" decoding=\"async\" width=\"800\" height=\"550\" src=\"https:\/\/crescenthistoric.com\/wp-content\/uploads\/2025\/02\/833-Second-Place.jpg\" class=\"attachment-large size-large wp-image-968\" alt=\"\" srcset=\"https:\/\/crescenthistoric.com\/wp-content\/uploads\/2025\/02\/833-Second-Place.jpg 920w, https:\/\/crescenthistoric.com\/wp-content\/uploads\/2025\/02\/833-Second-Place-300x206.jpg 300w, https:\/\/crescenthistoric.com\/wp-content\/uploads\/2025\/02\/833-Second-Place-768x528.jpg 768w\" sizes=\"(max-width: 800px) 100vw, 800px\" \/>\t\t\t\t\t\t\t\t\t\t\t\t\t\t\t<\/div>\n\t\t\t\t<\/div>\n\t\t\t\t\t<\/div>\n\t\t\t\t<\/div>\n\t\t\t\t<\/div>","protected":false},"excerpt":{"rendered":"<p>833 Second Place\/223 East 9th Street Langdon House Built circa 1880, this Italianate house was developed by Job Male, the first mayor and developer of Plainfield. It has been listed as both 833 Second Place and 223 East 9th Street. The home was once owned by the Langdon family, who operated a lumber exporting business. [&hellip;]<\/p>\n","protected":false},"author":1,"featured_media":0,"parent":0,"menu_order":0,"comment_status":"closed","ping_status":"closed","template":"","meta":{"_coblocks_attr":"","_coblocks_dimensions":"","_coblocks_responsive_height":"","_coblocks_accordion_ie_support":"","footnotes":""},"class_list":["post-976","page","type-page","status-publish","hentry"],"_links":{"self":[{"href":"https:\/\/crescenthistoric.com\/es\/wp-json\/wp\/v2\/pages\/976","targetHints":{"allow":["GET"]}}],"collection":[{"href":"https:\/\/crescenthistoric.com\/es\/wp-json\/wp\/v2\/pages"}],"about":[{"href":"https:\/\/crescenthistoric.com\/es\/wp-json\/wp\/v2\/types\/page"}],"author":[{"embeddable":true,"href":"https:\/\/crescenthistoric.com\/es\/wp-json\/wp\/v2\/users\/1"}],"replies":[{"embeddable":true,"href":"https:\/\/crescenthistoric.com\/es\/wp-json\/wp\/v2\/comments?post=976"}],"version-history":[{"count":19,"href":"https:\/\/crescenthistoric.com\/es\/wp-json\/wp\/v2\/pages\/976\/revisions"}],"predecessor-version":[{"id":1335,"href":"https:\/\/crescenthistoric.com\/es\/wp-json\/wp\/v2\/pages\/976\/revisions\/1335"}],"wp:attachment":[{"href":"https:\/\/crescenthistoric.com\/es\/wp-json\/wp\/v2\/media?parent=976"}],"curies":[{"name":"wp","href":"https:\/\/api.w.org\/{rel}","templated":true}]}}