{"id":921,"date":"2025-02-13T16:39:02","date_gmt":"2025-02-13T16:39:02","guid":{"rendered":"https:\/\/crescenthistoric.com\/?page_id=921"},"modified":"2025-04-29T13:02:44","modified_gmt":"2025-04-29T13:02:44","slug":"215-east-9th-street","status":"publish","type":"page","link":"https:\/\/crescenthistoric.com\/es\/215-east-9th-street\/","title":{"rendered":"215 East 9th Street"},"content":{"rendered":"<div data-elementor-type=\"wp-page\" data-elementor-id=\"921\" class=\"elementor elementor-921\" data-elementor-post-type=\"page\">\n\t\t\t\t<div class=\"elementor-element elementor-element-fe07339 e-flex e-con-boxed e-con e-parent\" data-id=\"fe07339\" data-element_type=\"container\" data-e-type=\"container\">\n\t\t\t\t\t<div class=\"e-con-inner\">\n\t\t\t\t<div class=\"elementor-element elementor-element-a68e4f7 elementor-widget elementor-widget-heading\" data-id=\"a68e4f7\" data-element_type=\"widget\" data-e-type=\"widget\" data-widget_type=\"heading.default\">\n\t\t\t\t<div class=\"elementor-widget-container\">\n\t\t\t\t\t<h2 class=\"elementor-heading-title elementor-size-default\">215 East 9th Street<\/h2>\t\t\t\t<\/div>\n\t\t\t\t<\/div>\n\t\t\t\t\t<\/div>\n\t\t\t\t<\/div>\n\t\t<div class=\"elementor-element elementor-element-5f0ea13 e-flex e-con-boxed e-con e-parent\" data-id=\"5f0ea13\" data-element_type=\"container\" data-e-type=\"container\">\n\t\t\t\t\t<div class=\"e-con-inner\">\n\t\t\t\t<div class=\"elementor-element elementor-element-9b7eb36 elementor-widget elementor-widget-text-editor\" data-id=\"9b7eb36\" data-element_type=\"widget\" data-e-type=\"widget\" data-widget_type=\"text-editor.default\">\n\t\t\t\t<div class=\"elementor-widget-container\">\n\t\t\t\t\t\t\t\t\t<p>Mansi\u00f3n Goddard<\/p>\n<p>Tradicionalmente conocida e inscrita en el registro hist\u00f3rico como la Mansi\u00f3n Goddard, investigaciones recientes han demostrado que la casa fue construida hacia 1891-94 para la familia Slauson, en la propiedad de la esquina comprada a los Goddard, que construyeron y vivieron en la casa de al lado durante 55 a\u00f1os, hasta que fue arrasada por los descendientes de George Henry Goddard, Tesorero durante mucho tiempo en el Consejo del desaparecido Hospital Muhlenberg. Se trata del \u00fanico edificio de estilo Reina Ana y neojacobeo del distrito. La singular estructura de ladrillo, madera y tejas festoneadas presenta vidrieras emplomadas y de colores en el primer y segundo piso, as\u00ed como una torre abovedada, dos balcones salientes en el segundo y tercer piso y frisos de hojalata y terracota en los tejados. El porche frontal envolvente presenta un dise\u00f1o arqueado de estilo rom\u00e1nico Richardsoniano, complementado con columnas dobles. Alfred T. Slauson estaba asociado con la firma H.N. Whitney &amp; Sons, banqueros y agentes de bolsa con sede en Nueva York. Esta residencia serv\u00eda como refugio de fin de semana, donde la familia celebraba numerosas reuniones multitudinarias en el sal\u00f3n de baile y la sala de billar de la tercera planta. En el bordillo de la acera delantera hay un escal\u00f3n de granito macizo para carruajes, y el carruaje de la familia se guardaba en los establos del n\u00famero 151 de la calle 4 Este, junto a la estaci\u00f3n de tren de Plainfield. <\/p>\t\t\t\t\t\t\t\t<\/div>\n\t\t\t\t<\/div>\n\t\t\t\t\t<\/div>\n\t\t\t\t<\/div>\n\t\t<div class=\"elementor-element elementor-element-1e7382b e-flex e-con-boxed e-con e-parent\" data-id=\"1e7382b\" data-element_type=\"container\" data-e-type=\"container\">\n\t\t\t\t\t<div class=\"e-con-inner\">\n\t\t\t\t<div class=\"elementor-element elementor-element-ec0abd1 elementor-widget elementor-widget-image\" data-id=\"ec0abd1\" data-element_type=\"widget\" data-e-type=\"widget\" data-widget_type=\"image.default\">\n\t\t\t\t<div class=\"elementor-widget-container\">\n\t\t\t\t\t\t\t\t\t\t\t\t\t\t\t<img fetchpriority=\"high\" decoding=\"async\" width=\"800\" height=\"564\" src=\"https:\/\/crescenthistoric.com\/wp-content\/uploads\/2025\/02\/215-E-9th-St-1.jpg\" class=\"attachment-large size-large wp-image-926\" alt=\"\" srcset=\"https:\/\/crescenthistoric.com\/wp-content\/uploads\/2025\/02\/215-E-9th-St-1.jpg 945w, https:\/\/crescenthistoric.com\/wp-content\/uploads\/2025\/02\/215-E-9th-St-1-300x211.jpg 300w, https:\/\/crescenthistoric.com\/wp-content\/uploads\/2025\/02\/215-E-9th-St-1-768x541.jpg 768w\" sizes=\"(max-width: 800px) 100vw, 800px\" \/>\t\t\t\t\t\t\t\t\t\t\t\t\t\t\t<\/div>\n\t\t\t\t<\/div>\n\t\t\t\t\t<\/div>\n\t\t\t\t<\/div>\n\t\t\t\t<\/div>","protected":false},"excerpt":{"rendered":"<p>215 East 9th Street Goddard Mansion Traditionally known and listed in the historic registry as the Goddard Mansion, recent research has shown that the house was constructed circa 1891-94 for the Slauson family, on the corner property purchased from the Goddards, who built and lived in the home next door for 55 years, until it [&hellip;]<\/p>\n","protected":false},"author":1,"featured_media":0,"parent":0,"menu_order":0,"comment_status":"closed","ping_status":"closed","template":"","meta":{"_coblocks_attr":"","_coblocks_dimensions":"","_coblocks_responsive_height":"","_coblocks_accordion_ie_support":"","footnotes":""},"class_list":["post-921","page","type-page","status-publish","hentry"],"_links":{"self":[{"href":"https:\/\/crescenthistoric.com\/es\/wp-json\/wp\/v2\/pages\/921","targetHints":{"allow":["GET"]}}],"collection":[{"href":"https:\/\/crescenthistoric.com\/es\/wp-json\/wp\/v2\/pages"}],"about":[{"href":"https:\/\/crescenthistoric.com\/es\/wp-json\/wp\/v2\/types\/page"}],"author":[{"embeddable":true,"href":"https:\/\/crescenthistoric.com\/es\/wp-json\/wp\/v2\/users\/1"}],"replies":[{"embeddable":true,"href":"https:\/\/crescenthistoric.com\/es\/wp-json\/wp\/v2\/comments?post=921"}],"version-history":[{"count":13,"href":"https:\/\/crescenthistoric.com\/es\/wp-json\/wp\/v2\/pages\/921\/revisions"}],"predecessor-version":[{"id":1347,"href":"https:\/\/crescenthistoric.com\/es\/wp-json\/wp\/v2\/pages\/921\/revisions\/1347"}],"wp:attachment":[{"href":"https:\/\/crescenthistoric.com\/es\/wp-json\/wp\/v2\/media?parent=921"}],"curies":[{"name":"wp","href":"https:\/\/api.w.org\/{rel}","templated":true}]}}