{"id":779,"date":"2025-01-31T15:51:37","date_gmt":"2025-01-31T15:51:37","guid":{"rendered":"https:\/\/crescenthistoric.com\/?page_id=779"},"modified":"2025-02-18T21:47:23","modified_gmt":"2025-02-18T21:47:23","slug":"131-crescent-avenue","status":"publish","type":"page","link":"https:\/\/crescenthistoric.com\/es\/131-crescent-avenue\/","title":{"rendered":"131 Avenida Crescent"},"content":{"rendered":"<div data-elementor-type=\"wp-page\" data-elementor-id=\"779\" class=\"elementor elementor-779\" data-elementor-post-type=\"page\">\n\t\t\t\t<div class=\"elementor-element elementor-element-e0d0ece e-flex e-con-boxed e-con e-parent\" data-id=\"e0d0ece\" data-element_type=\"container\" data-e-type=\"container\">\n\t\t\t\t\t<div class=\"e-con-inner\">\n\t\t\t\t<div class=\"elementor-element elementor-element-a324014 elementor-widget elementor-widget-heading\" data-id=\"a324014\" data-element_type=\"widget\" data-e-type=\"widget\" data-widget_type=\"heading.default\">\n\t\t\t\t<div class=\"elementor-widget-container\">\n\t\t\t\t\t<h6 class=\"elementor-heading-title elementor-size-default\">131 Avenida Crescent<\/h6>\t\t\t\t<\/div>\n\t\t\t\t<\/div>\n\t\t\t\t\t<\/div>\n\t\t\t\t<\/div>\n\t\t<div class=\"elementor-element elementor-element-c143661 e-flex e-con-boxed e-con e-parent\" data-id=\"c143661\" data-element_type=\"container\" data-e-type=\"container\">\n\t\t\t\t\t<div class=\"e-con-inner\">\n\t\t\t\t<div class=\"elementor-element elementor-element-9fe414d elementor-widget elementor-widget-text-editor\" data-id=\"9fe414d\" data-element_type=\"widget\" data-e-type=\"widget\" data-widget_type=\"text-editor.default\">\n\t\t\t\t<div class=\"elementor-widget-container\">\n\t\t\t\t\t\t\t\t\t<h4>Esta casa, construida hacia 1870, fue la residencia de Charles Ames, que trabajaba en el sector de los seguros en Nueva York. Charles y Phebe Ames fueron los abuelos del c\u00e9lebre escritor Van Wyck Brooks y los padres de Sarah Bailey Ames Brooks. La direcci\u00f3n de esta casa, antes conocida como 17 Crescent Avenue, es la \u00fanica casa de estilo Segundo Imperio con influencia de Eastlake que conserva su porche delantero y su porte-cochere originales. Adem\u00e1s, esta propiedad cuenta con un cobertizo para carruajes de tres pisos con una casita anexa para el jardinero. La casa exhibe algunos de los detalles de madera m\u00e1s intrincados a lo largo de los hastiales, en las cabezas de ventana incisas y en el tratamiento del porche, que incluye columnas achaflanadas. La celos\u00eda de la parte inferior se hizo con listones tallados a mano seg\u00fan las especificaciones de los propietarios y constructores. El porche delantero est\u00e1 adornado con m\u00e9nsulas de menor tama\u00f1o y franjas decorativas festoneadas entre ellas, creando un aspecto m\u00e1s personalizado y decorativo.<\/h4\t\t\t\t\t\t\t\t<\/div>\n\t\t\t\t<\/div>\n\t\t\t\t\t<\/div>\n\t\t\t\t<\/div>\n\t\t<div class=\"elementor-element elementor-element-70d332b e-flex e-con-boxed e-con e-parent\" data-id=\"70d332b\" data-element_type=\"container\" data-e-type=\"container\">\n\t\t\t\t\t<div class=\"e-con-inner\">\n\t\t\t\t<div class=\"elementor-element elementor-element-a7fbad9 elementor-widget elementor-widget-image\" data-id=\"a7fbad9\" data-element_type=\"widget\" data-e-type=\"widget\" data-widget_type=\"image.default\">\n\t\t\t\t<div class=\"elementor-widget-container\">\n\t\t\t\t\t\t\t\t\t\t\t\t\t\t\t<img fetchpriority=\"high\" decoding=\"async\" width=\"662\" height=\"593\" src=\"https:\/\/crescenthistoric.com\/wp-content\/uploads\/2025\/01\/131-Crescent-Ave.jpg\" class=\"attachment-large size-large wp-image-790\" alt=\"\" srcset=\"https:\/\/crescenthistoric.com\/wp-content\/uploads\/2025\/01\/131-Crescent-Ave.jpg 662w, https:\/\/crescenthistoric.com\/wp-content\/uploads\/2025\/01\/131-Crescent-Ave-300x269.jpg 300w\" sizes=\"(max-width: 662px) 100vw, 662px\" \/>\t\t\t\t\t\t\t\t\t\t\t\t\t\t\t<\/div>\n\t\t\t\t<\/div>\n\t\t\t\t\t<\/div>\n\t\t\t\t<\/div>\n\t\t\t\t<\/div>","protected":false},"excerpt":{"rendered":"<p>131 Crescent Avenue This home, built circa 1870, was the residence of Charles Ames, who worked in the insurance industry in New York. Charles and Phebe Ames were the grandparents of the renowned writer Van Wyck Brooks and the parents of Sarah Bailey Ames Brooks. The address of this home, once known as 17 Crescent [&hellip;]<\/p>\n","protected":false},"author":1,"featured_media":0,"parent":0,"menu_order":0,"comment_status":"closed","ping_status":"closed","template":"","meta":{"_coblocks_attr":"","_coblocks_dimensions":"","_coblocks_responsive_height":"","_coblocks_accordion_ie_support":"","footnotes":""},"class_list":["post-779","page","type-page","status-publish","hentry"],"_links":{"self":[{"href":"https:\/\/crescenthistoric.com\/es\/wp-json\/wp\/v2\/pages\/779","targetHints":{"allow":["GET"]}}],"collection":[{"href":"https:\/\/crescenthistoric.com\/es\/wp-json\/wp\/v2\/pages"}],"about":[{"href":"https:\/\/crescenthistoric.com\/es\/wp-json\/wp\/v2\/types\/page"}],"author":[{"embeddable":true,"href":"https:\/\/crescenthistoric.com\/es\/wp-json\/wp\/v2\/users\/1"}],"replies":[{"embeddable":true,"href":"https:\/\/crescenthistoric.com\/es\/wp-json\/wp\/v2\/comments?post=779"}],"version-history":[{"count":28,"href":"https:\/\/crescenthistoric.com\/es\/wp-json\/wp\/v2\/pages\/779\/revisions"}],"predecessor-version":[{"id":1141,"href":"https:\/\/crescenthistoric.com\/es\/wp-json\/wp\/v2\/pages\/779\/revisions\/1141"}],"wp:attachment":[{"href":"https:\/\/crescenthistoric.com\/es\/wp-json\/wp\/v2\/media?parent=779"}],"curies":[{"name":"wp","href":"https:\/\/api.w.org\/{rel}","templated":true}]}}