{"id":591,"date":"2025-01-28T20:11:58","date_gmt":"2025-01-28T20:11:58","guid":{"rendered":"https:\/\/crescenthistoric.com\/?page_id=591"},"modified":"2025-02-25T20:01:24","modified_gmt":"2025-02-25T20:01:24","slug":"crescent-avenue","status":"publish","type":"page","link":"https:\/\/crescenthistoric.com\/es\/crescent-avenue\/","title":{"rendered":"126 Avenida Crescent"},"content":{"rendered":"<div data-elementor-type=\"wp-page\" data-elementor-id=\"591\" class=\"elementor elementor-591\" data-elementor-post-type=\"page\">\n\t\t\t\t<div class=\"elementor-element elementor-element-6c9f620 e-con-full e-flex e-con e-parent\" data-id=\"6c9f620\" data-element_type=\"container\" data-e-type=\"container\">\n\t\t\t\t<div class=\"elementor-element elementor-element-2a69bf0 elementor-widget elementor-widget-heading\" data-id=\"2a69bf0\" data-element_type=\"widget\" data-e-type=\"widget\" data-widget_type=\"heading.default\">\n\t\t\t\t<div class=\"elementor-widget-container\">\n\t\t\t\t\t<h2 class=\"elementor-heading-title elementor-size-default\">126 Avenida Crescent<\/h2>\t\t\t\t<\/div>\n\t\t\t\t<\/div>\n\t\t\t\t<\/div>\n\t\t<div class=\"elementor-element elementor-element-ed9c257 e-flex e-con-boxed e-con e-parent\" data-id=\"ed9c257\" data-element_type=\"container\" data-e-type=\"container\">\n\t\t\t\t\t<div class=\"e-con-inner\">\n\t\t\t\t<div class=\"elementor-element elementor-element-fac207f elementor-widget elementor-widget-text-editor\" data-id=\"fac207f\" data-element_type=\"widget\" data-e-type=\"widget\" data-widget_type=\"text-editor.default\">\n\t\t\t\t<div class=\"elementor-widget-container\">\n\t\t\t\t\t\t\t\t\t<p>La casa Gilbert<\/p>\n<p>Construida hacia la d\u00e9cada de 1870 para la familia Swalm, esta casa es un excelente ejemplo del estilo Segundo Imperio de origen franc\u00e9s. Se construy\u00f3 en un terreno propiedad de Job Male, que ocup\u00f3 y urbaniz\u00f3 esta manzana y muchas otras. Job Male era conocido por sus casas de estilo estuco, por lo que esta casa de tablillas era poco habitual en \u00e9l. En 1891, la casa se vendi\u00f3 a la familia Gilbert. Los hijos continuaron viviendo en la casa despu\u00e9s del fallecimiento de sus padres. William B. Gilbert, hijo de Edward y Martha Gilbert, fue alumno del difunto Howard Pfyle, y su obra apareci\u00f3 en <i>Vida <\/i>y otras publicaciones de renombre, adem\u00e1s de contribuir con versos a diversas revistas. La casa permaneci\u00f3 con la familia hasta el fallecimiento de la Sra. Gilbert, tras lo cual subastaron el contenido de la finca en el jard\u00edn delantero. La casa se vendi\u00f3 entonces a Joseph Conoly, que la dividi\u00f3 en apartamentos y estableci\u00f3 un consultorio m\u00e9dico en la primera planta. Desde entonces, la casa ha acogido a destacados artistas, como Brian Townsend, Christine Myshka y Carmen Locacio. La casa lleg\u00f3 a alojar in situ al propietario de las Swain Galleries.<\/p>\t\t\t\t\t\t\t\t<\/div>\n\t\t\t\t<\/div>\n\t\t\t\t\t<\/div>\n\t\t\t\t<\/div>\n\t\t<div class=\"elementor-element elementor-element-93d647f e-flex e-con-boxed e-con e-parent\" data-id=\"93d647f\" data-element_type=\"container\" data-e-type=\"container\">\n\t\t\t\t\t<div class=\"e-con-inner\">\n\t\t\t\t<div class=\"elementor-element elementor-element-7b7c0c8 elementor-widget elementor-widget-image\" data-id=\"7b7c0c8\" data-element_type=\"widget\" data-e-type=\"widget\" data-widget_type=\"image.default\">\n\t\t\t\t<div class=\"elementor-widget-container\">\n\t\t\t\t\t\t\t\t\t\t\t\t\t\t\t<img fetchpriority=\"high\" decoding=\"async\" width=\"780\" height=\"602\" src=\"https:\/\/crescenthistoric.com\/wp-content\/uploads\/2025\/01\/126-Crescent-Ave.png\" class=\"attachment-large size-large wp-image-603\" alt=\"\" srcset=\"https:\/\/crescenthistoric.com\/wp-content\/uploads\/2025\/01\/126-Crescent-Ave.png 780w, https:\/\/crescenthistoric.com\/wp-content\/uploads\/2025\/01\/126-Crescent-Ave-300x232.png 300w, https:\/\/crescenthistoric.com\/wp-content\/uploads\/2025\/01\/126-Crescent-Ave-768x593.png 768w\" sizes=\"(max-width: 780px) 100vw, 780px\" \/>\t\t\t\t\t\t\t\t\t\t\t\t\t\t\t<\/div>\n\t\t\t\t<\/div>\n\t\t\t\t\t<\/div>\n\t\t\t\t<\/div>\n\t\t\t\t<\/div>","protected":false},"excerpt":{"rendered":"<p>126 Crescent Avenue The Gilbert House Built circa the 1870s for the Swalm family, this house is an excellent example of a French-derived Second Empire style. This custom home was constructed on land owned by Job Male, who occupied and developed this block as well as many others. Job Male was known for his stucco-style [&hellip;]<\/p>\n","protected":false},"author":1,"featured_media":0,"parent":0,"menu_order":0,"comment_status":"closed","ping_status":"closed","template":"","meta":{"_coblocks_attr":"","_coblocks_dimensions":"","_coblocks_responsive_height":"","_coblocks_accordion_ie_support":"","footnotes":""},"class_list":["post-591","page","type-page","status-publish","hentry"],"_links":{"self":[{"href":"https:\/\/crescenthistoric.com\/es\/wp-json\/wp\/v2\/pages\/591","targetHints":{"allow":["GET"]}}],"collection":[{"href":"https:\/\/crescenthistoric.com\/es\/wp-json\/wp\/v2\/pages"}],"about":[{"href":"https:\/\/crescenthistoric.com\/es\/wp-json\/wp\/v2\/types\/page"}],"author":[{"embeddable":true,"href":"https:\/\/crescenthistoric.com\/es\/wp-json\/wp\/v2\/users\/1"}],"replies":[{"embeddable":true,"href":"https:\/\/crescenthistoric.com\/es\/wp-json\/wp\/v2\/comments?post=591"}],"version-history":[{"count":34,"href":"https:\/\/crescenthistoric.com\/es\/wp-json\/wp\/v2\/pages\/591\/revisions"}],"predecessor-version":[{"id":1267,"href":"https:\/\/crescenthistoric.com\/es\/wp-json\/wp\/v2\/pages\/591\/revisions\/1267"}],"wp:attachment":[{"href":"https:\/\/crescenthistoric.com\/es\/wp-json\/wp\/v2\/media?parent=591"}],"curies":[{"name":"wp","href":"https:\/\/api.w.org\/{rel}","templated":true}]}}