{"id":24,"date":"2024-12-11T22:44:01","date_gmt":"2024-12-11T22:44:01","guid":{"rendered":"https:\/\/crescenthistoric.com\/front_page\/"},"modified":"2025-10-30T18:25:40","modified_gmt":"2025-10-30T18:25:40","slug":"front_page","status":"publish","type":"page","link":"https:\/\/crescenthistoric.com\/es\/","title":{"rendered":"P\u00e1gina de inicio"},"content":{"rendered":"<div data-elementor-type=\"wp-page\" data-elementor-id=\"24\" class=\"elementor elementor-24\" data-elementor-post-type=\"page\">\n\t\t\t\t<div class=\"elementor-element elementor-element-745ddc2 e-flex e-con-boxed e-con e-parent\" data-id=\"745ddc2\" data-element_type=\"container\" data-e-type=\"container\">\n\t\t\t\t\t<div class=\"e-con-inner\">\n\t\t\t\t<div class=\"elementor-element elementor-element-42290b3 elementor-widget elementor-widget-heading\" data-id=\"42290b3\" data-element_type=\"widget\" data-e-type=\"widget\" data-widget_type=\"heading.default\">\n\t\t\t\t<div class=\"elementor-widget-container\">\n\t\t\t\t\t<h2 class=\"elementor-heading-title elementor-size-default\">Vivir con la Historia<\/h2>\t\t\t\t<\/div>\n\t\t\t\t<\/div>\n\t\t\t\t\t<\/div>\n\t\t\t\t<\/div>\n\t\t<div class=\"elementor-element elementor-element-7f43180 e-flex e-con-boxed e-con e-parent\" data-id=\"7f43180\" data-element_type=\"container\" data-e-type=\"container\">\n\t\t\t\t\t<div class=\"e-con-inner\">\n\t\t\t\t<div class=\"elementor-element elementor-element-f98eedb elementor-widget elementor-widget-image\" data-id=\"f98eedb\" data-element_type=\"widget\" data-e-type=\"widget\" data-widget_type=\"image.default\">\n\t\t\t\t<div class=\"elementor-widget-container\">\n\t\t\t\t\t\t\t\t\t\t\t\t\t\t\t<img fetchpriority=\"high\" decoding=\"async\" width=\"1020\" height=\"649\" src=\"https:\/\/crescenthistoric.com\/wp-content\/uploads\/2024\/12\/348269573_899287577801801_7073512476570279016_n-2.jpg\" class=\"attachment-1536x1536 size-1536x1536 wp-image-75\" alt=\"\" srcset=\"https:\/\/crescenthistoric.com\/wp-content\/uploads\/2024\/12\/348269573_899287577801801_7073512476570279016_n-2.jpg 1020w, https:\/\/crescenthistoric.com\/wp-content\/uploads\/2024\/12\/348269573_899287577801801_7073512476570279016_n-2-300x191.jpg 300w, https:\/\/crescenthistoric.com\/wp-content\/uploads\/2024\/12\/348269573_899287577801801_7073512476570279016_n-2-768x489.jpg 768w\" sizes=\"(max-width: 1020px) 100vw, 1020px\" \/>\t\t\t\t\t\t\t\t\t\t\t\t\t\t\t<\/div>\n\t\t\t\t<\/div>\n\t\t\t\t\t<\/div>\n\t\t\t\t<\/div>\n\t\t<div class=\"elementor-element elementor-element-f496d4d e-flex e-con-boxed e-con e-parent\" data-id=\"f496d4d\" data-element_type=\"container\" data-e-type=\"container\">\n\t\t\t\t\t<div class=\"e-con-inner\">\n\t\t\t\t<div class=\"elementor-element elementor-element-527f9a0 elementor-widget elementor-widget-text-editor\" data-id=\"527f9a0\" data-element_type=\"widget\" data-e-type=\"widget\" data-widget_type=\"text-editor.default\">\n\t\t\t\t<div class=\"elementor-widget-container\">\n\t\t\t\t\t\t\t\t\t<h6>\n<ul>\n<li><span style=\"color: rgb(32, 33, 34); font-family: sans-serif;\">La Zona Hist\u00f3rica de la Media Luna fue desarrollada inicialmente por el fil\u00e1ntropo&nbsp;<\/span><span style=\"color: rgb(32, 33, 34); font-family: sans-serif;\"><a href=\"https:\/\/en.wikipedia.org\/wiki\/Job_Male\" target=\"_blank\"><b>Job Male<\/b>,<\/a>&nbsp;que se traslad\u00f3 a Plainfield en 1867, y se convertir\u00eda en el primer alcalde de la ciudad en 1869. Este distrito hist\u00f3rico es una zona residencial ecl\u00e9ctica que data de la d\u00e9cada de 1870. M\u00e1s del setenta por ciento de las viviendas se construyeron entre 1870 y 1900. Este [...]<\/span><span style=\"color: rgb(32, 33, 34); font-family: sans-serif;\">&nbsp;Este sitio web forma parte de un esfuerzo por dar a conocer la arquitectura y el dise\u00f1o del siglo XIX que se disfruta hasta nuestros d\u00edas.&nbsp;<\/span><span style=\"color: rgb(32, 33, 34); font-family: sans-serif; font-size: 1rem; text-align: var(--text-align);\">A continuaci\u00f3n figuran algunos aspectos arquitect\u00f3nicos destacados:<\/span><\/li>\n<\/ul>\n<\/h6>\n<h6><b style=\"color: rgb(33, 34, 35); font-family: sans-serif; background-color: transparent;\"><u><a href=\"http:\/\/crescenthistoric.com\/es\/event\/\" style=\"\">&nbsp;<\/a><\/u><\/b><\/h6>\n<p><u><\/u><\/p>\n<p><u><a href=\"http:\/\/crescenthistoric.com\/es\/event\/\" style=\"\"><\/a><\/u><\/p>\n<p><u><a href=\"http:\/\/crescenthistoric.com\/es\/event\/\" style=\"\"><\/a><\/u><\/p>\n<p><u><a href=\"http:\/\/crescenthistoric.com\/es\/event\/\" style=\"\"><\/a><\/u><\/p>\n<p><u><a href=\"http:\/\/crescenthistoric.com\/es\/event\/\" style=\"\"><\/a><\/u><\/p>\n<p><u><a href=\"http:\/\/crescenthistoric.com\/es\/event\/\" style=\"\"><\/a><\/u><\/p>\n<p><u><a href=\"http:\/\/crescenthistoric.com\/es\/event\/\" style=\"\"><\/a><\/u><\/p>\t\t\t\t\t\t\t\t<\/div>\n\t\t\t\t<\/div>\n\t\t\t\t\t<\/div>\n\t\t\t\t<\/div>\n\t\t<div class=\"elementor-element elementor-element-970332d e-grid e-con-boxed e-con e-parent\" data-id=\"970332d\" data-element_type=\"container\" data-e-type=\"container\">\n\t\t\t\t\t<div class=\"e-con-inner\">\n\t\t\t\t<div class=\"elementor-element elementor-element-aeca0dc elementor-widget elementor-widget-image\" data-id=\"aeca0dc\" data-element_type=\"widget\" data-e-type=\"widget\" data-widget_type=\"image.default\">\n\t\t\t\t<div class=\"elementor-widget-container\">\n\t\t\t\t\t\t\t\t\t\t\t\t<figure class=\"wp-caption\">\n\t\t\t\t\t\t\t\t\t\t\t<a href=\"https:\/\/www.swaingalleries.com\/\">\n\t\t\t\t\t\t\t<img decoding=\"async\" width=\"300\" height=\"200\" src=\"https:\/\/crescenthistoric.com\/wp-content\/uploads\/2024\/12\/Swains_Galleries_Crescent_Area_HD_Plainfield_NJ-1-300x200.jpg\" class=\"attachment-medium size-medium wp-image-139\" alt=\"\" srcset=\"https:\/\/crescenthistoric.com\/wp-content\/uploads\/2024\/12\/Swains_Galleries_Crescent_Area_HD_Plainfield_NJ-1-300x200.jpg 300w, https:\/\/crescenthistoric.com\/wp-content\/uploads\/2024\/12\/Swains_Galleries_Crescent_Area_HD_Plainfield_NJ-1-1024x683.jpg 1024w, https:\/\/crescenthistoric.com\/wp-content\/uploads\/2024\/12\/Swains_Galleries_Crescent_Area_HD_Plainfield_NJ-1-768x512.jpg 768w, https:\/\/crescenthistoric.com\/wp-content\/uploads\/2024\/12\/Swains_Galleries_Crescent_Area_HD_Plainfield_NJ-1.jpg 1200w\" sizes=\"(max-width: 300px) 100vw, 300px\" \/>\t\t\t\t\t\t\t\t<\/a>\n\t\t\t\t\t\t\t\t\t\t\t<figcaption class=\"widget-image-caption wp-caption-text\">Galer\u00eda Swain<\/figcaption>\n\t\t\t\t\t\t\t\t\t\t<\/figure>\n\t\t\t\t\t\t\t\t\t<\/div>\n\t\t\t\t<\/div>\n\t\t\t\t<div class=\"elementor-element elementor-element-a5af001 elementor-widget elementor-widget-image\" data-id=\"a5af001\" data-element_type=\"widget\" data-e-type=\"widget\" data-widget_type=\"image.default\">\n\t\t\t\t<div class=\"elementor-widget-container\">\n\t\t\t\t\t\t\t\t\t\t\t\t<figure class=\"wp-caption\">\n\t\t\t\t\t\t\t\t\t\t\t<a href=\"https:\/\/crescentave.church\/\">\n\t\t\t\t\t\t\t<img decoding=\"async\" width=\"191\" height=\"255\" src=\"https:\/\/crescenthistoric.com\/wp-content\/uploads\/2024\/12\/Crescent_Avenue_Presbyterian_Church_Plainfield_NJ.jpg\" class=\"attachment-medium size-medium wp-image-102\" alt=\"\" \/>\t\t\t\t\t\t\t\t<\/a>\n\t\t\t\t\t\t\t\t\t\t\t<figcaption class=\"widget-image-caption wp-caption-text\">Iglesia de la Avenida Crescent<\/figcaption>\n\t\t\t\t\t\t\t\t\t\t<\/figure>\n\t\t\t\t\t\t\t\t\t<\/div>\n\t\t\t\t<\/div>\n\t\t\t\t<div class=\"elementor-element elementor-element-033fb62 elementor-widget elementor-widget-image\" data-id=\"033fb62\" data-element_type=\"widget\" data-e-type=\"widget\" data-widget_type=\"image.default\">\n\t\t\t\t<div class=\"elementor-widget-container\">\n\t\t\t\t\t\t\t\t\t\t\t\t<figure class=\"wp-caption\">\n\t\t\t\t\t\t\t\t\t\t\t<a href=\"https:\/\/www.plainfieldnj.gov\/residents\/play\/plainfield_performing_arts_center_(ppac)\/index.php\">\n\t\t\t\t\t\t\t<img loading=\"lazy\" decoding=\"async\" width=\"300\" height=\"200\" src=\"https:\/\/crescenthistoric.com\/wp-content\/uploads\/2025\/01\/Plainfield-Performing-Arts-Center-300x200.png\" class=\"attachment-medium size-medium wp-image-486\" alt=\"\" srcset=\"https:\/\/crescenthistoric.com\/wp-content\/uploads\/2025\/01\/Plainfield-Performing-Arts-Center-300x200.png 300w, https:\/\/crescenthistoric.com\/wp-content\/uploads\/2025\/01\/Plainfield-Performing-Arts-Center.png 600w\" sizes=\"(max-width: 300px) 100vw, 300px\" \/>\t\t\t\t\t\t\t\t<\/a>\n\t\t\t\t\t\t\t\t\t\t\t<figcaption class=\"widget-image-caption wp-caption-text\">Centro de Artes Esc\u00e9nicas de Plainfield<\/figcaption>\n\t\t\t\t\t\t\t\t\t\t<\/figure>\n\t\t\t\t\t\t\t\t\t<\/div>\n\t\t\t\t<\/div>\n\t\t\t\t\t<\/div>\n\t\t\t\t<\/div>\n\t\t<div class=\"elementor-element elementor-element-2a083de e-flex e-con-boxed e-con e-parent\" data-id=\"2a083de\" data-element_type=\"container\" data-e-type=\"container\">\n\t\t\t\t\t<div class=\"e-con-inner\">\n\t\t\t\t<div class=\"elementor-element elementor-element-d0d5ba3 elementor-widget elementor-widget-google_maps\" data-id=\"d0d5ba3\" data-element_type=\"widget\" data-e-type=\"widget\" data-widget_type=\"google_maps.default\">\n\t\t\t\t<div class=\"elementor-widget-container\">\n\t\t\t\t\t\t\t<div class=\"elementor-custom-embed\">\n\t\t\t<iframe loading=\"lazy\"\n\t\t\t\t\tsrc=\"https:\/\/maps.google.com\/maps?q=Crescent%20Ave%20Plainfield%20NJ&#038;t=m&#038;z=16&#038;output=embed&#038;iwloc=near\"\n\t\t\t\t\ttitle=\"Crescent Ave Plainfield NJ\"\n\t\t\t\t\taria-label=\"Crescent Ave Plainfield NJ\"\n\t\t\t><\/iframe>\n\t\t<\/div>\n\t\t\t\t\t\t<\/div>\n\t\t\t\t<\/div>\n\t\t\t\t\t<\/div>\n\t\t\t\t<\/div>\n\t\t<div class=\"elementor-element elementor-element-87f5722 e-flex e-con-boxed e-con e-parent\" data-id=\"87f5722\" data-element_type=\"container\" data-e-type=\"container\">\n\t\t\t\t\t<div class=\"e-con-inner\">\n\t\t\t\t<div class=\"elementor-element elementor-element-9f2da7b elementor-button-info elementor-align-justify elementor-widget elementor-widget-button\" data-id=\"9f2da7b\" data-element_type=\"widget\" data-e-type=\"widget\" data-widget_type=\"button.default\">\n\t\t\t\t<div class=\"elementor-widget-container\">\n\t\t\t\t\t\t\t\t\t<div class=\"elementor-button-wrapper\">\n\t\t\t\t\t<a class=\"elementor-button elementor-button-link elementor-size-sm\" href=\"https:\/\/crescenthistoric.com\/es\/Street%20Names\/\">\n\t\t\t\t\t\t<span class=\"elementor-button-content-wrapper\">\n\t\t\t\t\t\t\t\t\t<span class=\"elementor-button-text\">Recorra el barrio<\/span>\n\t\t\t\t\t<\/span>\n\t\t\t\t\t<\/a>\n\t\t\t\t<\/div>\n\t\t\t\t\t\t\t\t<\/div>\n\t\t\t\t<\/div>\n\t\t\t\t\t<\/div>\n\t\t\t\t<\/div>\n\t\t<div class=\"elementor-element elementor-element-725c54b e-con-full e-flex e-con e-parent\" data-id=\"725c54b\" data-element_type=\"container\" data-e-type=\"container\">\n\t\t\t\t<div class=\"elementor-element elementor-element-8f263f9 elementor-button-info elementor-align-justify elementor-widget elementor-widget-button\" data-id=\"8f263f9\" data-element_type=\"widget\" data-e-type=\"widget\" data-widget_type=\"button.default\">\n\t\t\t\t<div class=\"elementor-widget-container\">\n\t\t\t\t\t\t\t\t\t<div class=\"elementor-button-wrapper\">\n\t\t\t\t\t<a class=\"elementor-button elementor-button-link elementor-size-sm\" href=\"https:\/\/crescenthistoric.com\/es\/contact-us-with-your-comments\/\" id=\"contact\">\n\t\t\t\t\t\t<span class=\"elementor-button-content-wrapper\">\n\t\t\t\t\t\t\t\t\t<span class=\"elementor-button-text\">P\u00f3ngase en contacto con nosotros<\/span>\n\t\t\t\t\t<\/span>\n\t\t\t\t\t<\/a>\n\t\t\t\t<\/div>\n\t\t\t\t\t\t\t\t<\/div>\n\t\t\t\t<\/div>\n\t\t\t\t<\/div>\n\t\t\t\t<\/div>","protected":false},"excerpt":{"rendered":"<p>Living with History The Crescent Historic Area was initially developed by philanthropist&nbsp;Job Male,&nbsp;who moved to Plainfield in 1867, and would become the first mayor of the city in 1869. This Historic District is an eclectic residential area dating from the 1870s. Over seventy percent of the dwellings were built within the dates of 1870-1900.&nbsp;This website [&hellip;]<\/p>\n","protected":false},"author":1,"featured_media":0,"parent":0,"menu_order":0,"comment_status":"closed","ping_status":"closed","template":"","meta":{"_coblocks_attr":"","_coblocks_dimensions":"","_coblocks_responsive_height":"","_coblocks_accordion_ie_support":"","footnotes":""},"class_list":["post-24","page","type-page","status-publish","hentry"],"_links":{"self":[{"href":"https:\/\/crescenthistoric.com\/es\/wp-json\/wp\/v2\/pages\/24","targetHints":{"allow":["GET"]}}],"collection":[{"href":"https:\/\/crescenthistoric.com\/es\/wp-json\/wp\/v2\/pages"}],"about":[{"href":"https:\/\/crescenthistoric.com\/es\/wp-json\/wp\/v2\/types\/page"}],"author":[{"embeddable":true,"href":"https:\/\/crescenthistoric.com\/es\/wp-json\/wp\/v2\/users\/1"}],"replies":[{"embeddable":true,"href":"https:\/\/crescenthistoric.com\/es\/wp-json\/wp\/v2\/comments?post=24"}],"version-history":[{"count":167,"href":"https:\/\/crescenthistoric.com\/es\/wp-json\/wp\/v2\/pages\/24\/revisions"}],"predecessor-version":[{"id":1435,"href":"https:\/\/crescenthistoric.com\/es\/wp-json\/wp\/v2\/pages\/24\/revisions\/1435"}],"wp:attachment":[{"href":"https:\/\/crescenthistoric.com\/es\/wp-json\/wp\/v2\/media?parent=24"}],"curies":[{"name":"wp","href":"https:\/\/api.w.org\/{rel}","templated":true}]}}