{"id":1065,"date":"2025-02-17T20:04:39","date_gmt":"2025-02-17T20:04:39","guid":{"rendered":"https:\/\/crescenthistoric.com\/?page_id=1065"},"modified":"2025-02-25T19:45:39","modified_gmt":"2025-02-25T19:45:39","slug":"824-third-place","status":"publish","type":"page","link":"https:\/\/crescenthistoric.com\/es\/824-third-place\/","title":{"rendered":"824 Tercer puesto"},"content":{"rendered":"<div data-elementor-type=\"wp-page\" data-elementor-id=\"1065\" class=\"elementor elementor-1065\" data-elementor-post-type=\"page\">\n\t\t\t\t<div class=\"elementor-element elementor-element-77d8ac3 e-flex e-con-boxed e-con e-parent\" data-id=\"77d8ac3\" data-element_type=\"container\" data-e-type=\"container\">\n\t\t\t\t\t<div class=\"e-con-inner\">\n\t\t\t\t<div class=\"elementor-element elementor-element-c075684 elementor-widget elementor-widget-heading\" data-id=\"c075684\" data-element_type=\"widget\" data-e-type=\"widget\" data-widget_type=\"heading.default\">\n\t\t\t\t<div class=\"elementor-widget-container\">\n\t\t\t\t\t<h2 class=\"elementor-heading-title elementor-size-default\">824 Tercer puesto<\/h2>\t\t\t\t<\/div>\n\t\t\t\t<\/div>\n\t\t\t\t\t<\/div>\n\t\t\t\t<\/div>\n\t\t<div class=\"elementor-element elementor-element-8cc2fcf e-con-full e-flex e-con e-parent\" data-id=\"8cc2fcf\" data-element_type=\"container\" data-e-type=\"container\">\n\t\t\t\t<div class=\"elementor-element elementor-element-cc6a995 elementor-widget__width-initial elementor-widget elementor-widget-text-editor\" data-id=\"cc6a995\" data-element_type=\"widget\" data-e-type=\"widget\" data-widget_type=\"text-editor.default\">\n\t\t\t\t<div class=\"elementor-widget-container\">\n\t\t\t\t\t\t\t\t\t<p>Esta singular casa de dos plantas de estilo Segundo Imperio se construy\u00f3 hacia la d\u00e9cada de 1870. Es una de las pocas casas del Segundo Imperio de dos plantas que se conservan en la ciudad de Plainfield. La casa cuenta con porches que rodean la estructura, lo que ayuda a regular la temperatura proporcionando sombra durante los meses m\u00e1s c\u00e1lidos y manteniendo alejada la nieve en invierno. Originalmente, esta casa funcionaba como tienda de golosinas, donde los clientes pod\u00edan comprar dulces y golosinas caseras en la zona trasera. Aunque estuvo a punto de ser demolida para construir un peque\u00f1o edificio de apartamentos, finalmente se conserv\u00f3 gracias a su ubicaci\u00f3n en un distrito hist\u00f3rico. Esta casa fue propiedad de la estrella de televisi\u00f3n Evan Michelson, conocido por el programa <i>Curiosidades<\/i>.<\/p>\t\t\t\t\t\t\t\t<\/div>\n\t\t\t\t<\/div>\n\t\t\t\t<\/div>\n\t\t<div class=\"elementor-element elementor-element-8776552 e-flex e-con-boxed e-con e-parent\" data-id=\"8776552\" data-element_type=\"container\" data-e-type=\"container\">\n\t\t\t\t\t<div class=\"e-con-inner\">\n\t\t\t\t<div class=\"elementor-element elementor-element-94a2cf5 elementor-widget elementor-widget-image\" data-id=\"94a2cf5\" data-element_type=\"widget\" data-e-type=\"widget\" data-widget_type=\"image.default\">\n\t\t\t\t<div class=\"elementor-widget-container\">\n\t\t\t\t\t\t\t\t\t\t\t\t\t\t\t<img fetchpriority=\"high\" decoding=\"async\" width=\"602\" height=\"620\" src=\"https:\/\/crescenthistoric.com\/wp-content\/uploads\/2025\/02\/824-Third-Place-2.jpg\" class=\"attachment-large size-large wp-image-1118\" alt=\"\" srcset=\"https:\/\/crescenthistoric.com\/wp-content\/uploads\/2025\/02\/824-Third-Place-2.jpg 602w, https:\/\/crescenthistoric.com\/wp-content\/uploads\/2025\/02\/824-Third-Place-2-291x300.jpg 291w\" sizes=\"(max-width: 602px) 100vw, 602px\" \/>\t\t\t\t\t\t\t\t\t\t\t\t\t\t\t<\/div>\n\t\t\t\t<\/div>\n\t\t\t\t\t<\/div>\n\t\t\t\t<\/div>\n\t\t\t\t<\/div>","protected":false},"excerpt":{"rendered":"<p>824 Third Place This unique two-story Second Empire-style house was built circa the 1870s. It is one of the few surviving two-story Second Empire houses in the city of Plainfield. The home features porches that encircle the structure, which help regulate temperature by providing shade during the warmer months and keeping snow away in the [&hellip;]<\/p>\n","protected":false},"author":1,"featured_media":0,"parent":0,"menu_order":0,"comment_status":"closed","ping_status":"closed","template":"","meta":{"_coblocks_attr":"","_coblocks_dimensions":"","_coblocks_responsive_height":"","_coblocks_accordion_ie_support":"","footnotes":""},"class_list":["post-1065","page","type-page","status-publish","hentry"],"_links":{"self":[{"href":"https:\/\/crescenthistoric.com\/es\/wp-json\/wp\/v2\/pages\/1065","targetHints":{"allow":["GET"]}}],"collection":[{"href":"https:\/\/crescenthistoric.com\/es\/wp-json\/wp\/v2\/pages"}],"about":[{"href":"https:\/\/crescenthistoric.com\/es\/wp-json\/wp\/v2\/types\/page"}],"author":[{"embeddable":true,"href":"https:\/\/crescenthistoric.com\/es\/wp-json\/wp\/v2\/users\/1"}],"replies":[{"embeddable":true,"href":"https:\/\/crescenthistoric.com\/es\/wp-json\/wp\/v2\/comments?post=1065"}],"version-history":[{"count":16,"href":"https:\/\/crescenthistoric.com\/es\/wp-json\/wp\/v2\/pages\/1065\/revisions"}],"predecessor-version":[{"id":1253,"href":"https:\/\/crescenthistoric.com\/es\/wp-json\/wp\/v2\/pages\/1065\/revisions\/1253"}],"wp:attachment":[{"href":"https:\/\/crescenthistoric.com\/es\/wp-json\/wp\/v2\/media?parent=1065"}],"curies":[{"name":"wp","href":"https:\/\/api.w.org\/{rel}","templated":true}]}}